{"id":2470,"date":"2023-07-11T11:42:43","date_gmt":"2023-07-11T08:42:43","guid":{"rendered":"http:\/\/www.gemfactory.ee\/contact\/"},"modified":"2025-05-06T03:03:55","modified_gmt":"2025-05-06T00:03:55","slug":"contact","status":"publish","type":"page","link":"https:\/\/www.gemfactory.ee\/en\/contact\/","title":{"rendered":"Contact"},"content":{"rendered":"<div class=\"wpb-content-wrapper\"><p>[vc_row css_animation=&#8221;&#8221; row_type=&#8221;row&#8221; use_row_as_full_screen_section=&#8221;no&#8221; type=&#8221;grid&#8221; angled_section=&#8221;no&#8221; text_align=&#8221;center&#8221; background_image_as_pattern=&#8221;without_pattern&#8221; css=&#8221;.vc_custom_1468931949504{padding-top: 135px !important;padding-bottom: 44px !important;}&#8221;][vc_column css=&#8221;.vc_custom_1468931700478{padding-right: 7% !important;padding-left: 7% !important;}&#8221; offset=&#8221;vc_col-lg-6 vc_col-md-6&#8243;][vc_column_text]<\/p>\n<h2>Tel: +37253937541<\/h2>\n<p>[\/vc_column_text][vc_empty_space height=&#8221;46px&#8221;][vc_column_text]Kui sul tekkis huvi meie teenuste vastu, siis helista, kirjuta v\u00f5i k\u00fclasta meie stuudiot Viljandis!<\/p>\n<p>&nbsp;<\/p>\n<p>Gem factory O\u00dc<\/p>\n<p>V\u00e4ike-Turu 8, Viljandi 71003<\/p>\n<p>info@gemfactory.ee<\/p>\n<p>&nbsp;<\/p>\n<p>[\/vc_column_text][vc_empty_space height=&#8221;54px&#8221;]<span data-type=\"square\" data-hover-bg-color=\"#202020\" data-hover-icon-color=\"#ffffff\" class=\"qode_icon_shortcode fa-stack q_font_awsome_icon_square fa-lg  \" style=\"background-color: #f1f1f1;border: 0;margin: 0 5px 0 0;font-size: 13px;font-size: 33px;border-radius: 100px; \"><a   itemprop=\"url\" href=\"https:\/\/www.facebook.com\/estoniangemfactory\" target=\"_blank\"><span aria-hidden=\"true\" class=\"qode_icon_font_elegant social_facebook qode_icon_element\" style=\"font-size: 13px;color: #202020;\" ><\/span><\/a><\/span><span data-type=\"square\" data-hover-bg-color=\"#202020\" data-hover-icon-color=\"#ffffff\" class=\"qode_icon_shortcode fa-stack q_font_awsome_icon_square fa-lg  \" style=\"background-color: #f1f1f1;border: 0;margin: 0 5px 0 0;font-size: 13px;font-size: 33px;border-radius: 100px; \"><a   itemprop=\"url\" href=\"https:\/\/www.instagram.com\/estoniangemfactory\/\" target=\"_blank\"><span aria-hidden=\"true\" class=\"qode_icon_font_elegant social_instagram qode_icon_element\" style=\"font-size: 13px;color: #202020;\" ><\/span><\/a><\/span>[vc_empty_space height=&#8221;70px&#8221;][\/vc_column][vc_column offset=&#8221;vc_col-lg-6 vc_col-md-6&#8243;][vc_empty_space height=&#8221;5px&#8221;]\n<div class=\"wpcf7 no-js\" id=\"wpcf7-f2807-o1\" lang=\"en-US\" dir=\"ltr\" data-wpcf7-id=\"2807\">\n<div class=\"screen-reader-response\"><p role=\"status\" aria-live=\"polite\" aria-atomic=\"true\"><\/p> <ul><\/ul><\/div>\n<form action=\"\/en\/wp-json\/wp\/v2\/pages\/2470#wpcf7-f2807-o1\" method=\"post\" class=\"wpcf7-form init cf7_custom_style_1\" aria-label=\"Contact form\" novalidate=\"novalidate\" data-status=\"init\">\n<div style=\"display: none;\">\n<input type=\"hidden\" name=\"_wpcf7\" value=\"2807\" \/>\n<input type=\"hidden\" name=\"_wpcf7_version\" value=\"6.0.6\" \/>\n<input type=\"hidden\" name=\"_wpcf7_locale\" value=\"en_US\" \/>\n<input type=\"hidden\" name=\"_wpcf7_unit_tag\" value=\"wpcf7-f2807-o1\" \/>\n<input type=\"hidden\" name=\"_wpcf7_container_post\" value=\"0\" \/>\n<input type=\"hidden\" name=\"_wpcf7_posted_data_hash\" value=\"\" \/>\n<input type=\"hidden\" name=\"_wpcf7_recaptcha_response\" value=\"\" \/>\n<\/div>\n<p><label> Name<br \/>\n<span class=\"wpcf7-form-control-wrap\" data-name=\"your-name\"><input size=\"40\" maxlength=\"400\" class=\"wpcf7-form-control wpcf7-text wpcf7-validates-as-required\" autocomplete=\"name\" aria-required=\"true\" aria-invalid=\"false\" value=\"\" type=\"text\" name=\"your-name\" \/><\/span> <\/label>\n<\/p>\n<p><label> E-mail<br \/>\n<span class=\"wpcf7-form-control-wrap\" data-name=\"your-email\"><input size=\"40\" maxlength=\"400\" class=\"wpcf7-form-control wpcf7-email wpcf7-validates-as-required wpcf7-text wpcf7-validates-as-email\" autocomplete=\"email\" aria-required=\"true\" aria-invalid=\"false\" value=\"\" type=\"email\" name=\"your-email\" \/><\/span> <\/label>\n<\/p>\n<p><label> Subject<br \/>\n<span class=\"wpcf7-form-control-wrap\" data-name=\"your-subject\"><input size=\"40\" maxlength=\"400\" class=\"wpcf7-form-control wpcf7-text wpcf7-validates-as-required\" aria-required=\"true\" aria-invalid=\"false\" value=\"\" type=\"text\" name=\"your-subject\" \/><\/span> <\/label>\n<\/p>\n<p><label> Message<br \/>\n<span class=\"wpcf7-form-control-wrap\" data-name=\"your-message\"><textarea cols=\"40\" rows=\"10\" maxlength=\"2000\" class=\"wpcf7-form-control wpcf7-textarea wpcf7-validates-as-required\" aria-required=\"true\" aria-invalid=\"false\" name=\"your-message\"><\/textarea><\/span> <\/label>\n<\/p>\n<p><input class=\"wpcf7-form-control wpcf7-submit has-spinner\" type=\"submit\" value=\"Send to\" \/>\n<\/p><div class=\"wpcf7-response-output\" aria-hidden=\"true\"><\/div>\n<\/form>\n<\/div>\n[vc_empty_space height=&#8221;70px&#8221;][\/vc_column][\/vc_row]<\/p>\n<\/div>","protected":false},"excerpt":{"rendered":"<p>[vc_row css_animation=&#8221;&#8221; row_type=&#8221;row&#8221; use_row_as_full_screen_section=&#8221;no&#8221; type=&#8221;grid&#8221; angled_section=&#8221;no&#8221; text_align=&#8221;center&#8221; background_image_as_pattern=&#8221;without_pattern&#8221; css=&#8221;.vc_custom_1468931949504{padding-top: 135px !important;padding-bottom: 44px !important;}&#8221;][vc_column css=&#8221;.vc_custom_1468931700478{padding-right: 7% !important;padding-left: 7% !important;}&#8221; offset=&#8221;vc_col-lg-6 vc_col-md-6&#8243;][vc_column_text] Tel: +37253937541 [\/vc_column_text][vc_empty_space height=&#8221;46px&#8221;][vc_column_text]Kui sul tekkis huvi meie teenuste vastu, siis helista, kirjuta v\u00f5i k\u00fclasta meie stuudiot Viljandis! &nbsp; Gem factory O\u00dc V\u00e4ike-Turu 8, Viljandi&#8230;<\/p>\n","protected":false},"author":2,"featured_media":2024,"parent":0,"menu_order":0,"comment_status":"closed","ping_status":"closed","template":"full_width.php","meta":{"footnotes":""},"class_list":["post-2470","page","type-page","status-publish","has-post-thumbnail","hentry"],"yoast_head":"<!-- This site is optimized with the Yoast SEO plugin v25.0 - https:\/\/yoast.com\/wordpress\/plugins\/seo\/ -->\n<title>Contact | Estonian Gem Factory<\/title>\n<meta name=\"description\" content=\"Contact Gem Factory! We offer bespoke gemstones and handmade jewellery. Call, write or visit our studio in Viljandi.\" \/>\n<meta name=\"robots\" content=\"index, follow, max-snippet:-1, max-image-preview:large, max-video-preview:-1\" \/>\n<link rel=\"canonical\" href=\"https:\/\/www.gemfactory.ee\/en\/contact\/\" \/>\n<meta property=\"og:locale\" content=\"en_US\" \/>\n<meta property=\"og:type\" content=\"article\" \/>\n<meta property=\"og:title\" content=\"Contact | Estonian Gem Factory\" \/>\n<meta property=\"og:description\" content=\"Contact Gem Factory! We offer bespoke gemstones and handmade jewellery. Call, write or visit our studio in Viljandi.\" \/>\n<meta property=\"og:url\" content=\"https:\/\/www.gemfactory.ee\/en\/contact\/\" \/>\n<meta property=\"og:site_name\" content=\"Estonian Gem Factory\" \/>\n<meta property=\"article:publisher\" content=\"https:\/\/www.facebook.com\/estoniangemfactory\/\" \/>\n<meta property=\"article:modified_time\" content=\"2025-05-06T00:03:55+00:00\" \/>\n<meta property=\"og:image\" content=\"https:\/\/www.gemfactory.ee\/wp-content\/uploads\/2023\/07\/Estonian-Gem-Factory-favikon.png\" \/>\n\t<meta property=\"og:image:width\" content=\"250\" \/>\n\t<meta property=\"og:image:height\" content=\"250\" \/>\n\t<meta property=\"og:image:type\" content=\"image\/png\" \/>\n<meta name=\"twitter:card\" content=\"summary_large_image\" \/>\n<meta name=\"twitter:label1\" content=\"Est. reading time\" \/>\n\t<meta name=\"twitter:data1\" content=\"1 minute\" \/>\n<script type=\"application\/ld+json\" class=\"yoast-schema-graph\">{\"@context\":\"https:\/\/schema.org\",\"@graph\":[{\"@type\":\"WebPage\",\"@id\":\"https:\/\/www.gemfactory.ee\/en\/contact\/\",\"url\":\"https:\/\/www.gemfactory.ee\/en\/contact\/\",\"name\":\"Contact | Estonian Gem Factory\",\"isPartOf\":{\"@id\":\"https:\/\/www.gemfactory.ee\/en\/#website\"},\"primaryImageOfPage\":{\"@id\":\"https:\/\/www.gemfactory.ee\/en\/contact\/#primaryimage\"},\"image\":{\"@id\":\"https:\/\/www.gemfactory.ee\/en\/contact\/#primaryimage\"},\"thumbnailUrl\":\"https:\/\/www.gemfactory.ee\/wp-content\/uploads\/2023\/07\/Estonian-Gem-Factory-favikon.png\",\"datePublished\":\"2023-07-11T08:42:43+00:00\",\"dateModified\":\"2025-05-06T00:03:55+00:00\",\"description\":\"Contact Gem Factory! We offer bespoke gemstones and handmade jewellery. Call, write or visit our studio in Viljandi.\",\"breadcrumb\":{\"@id\":\"https:\/\/www.gemfactory.ee\/en\/contact\/#breadcrumb\"},\"inLanguage\":\"en-US\",\"potentialAction\":[{\"@type\":\"ReadAction\",\"target\":[\"https:\/\/www.gemfactory.ee\/en\/contact\/\"]}]},{\"@type\":\"ImageObject\",\"inLanguage\":\"en-US\",\"@id\":\"https:\/\/www.gemfactory.ee\/en\/contact\/#primaryimage\",\"url\":\"https:\/\/www.gemfactory.ee\/wp-content\/uploads\/2023\/07\/Estonian-Gem-Factory-favikon.png\",\"contentUrl\":\"https:\/\/www.gemfactory.ee\/wp-content\/uploads\/2023\/07\/Estonian-Gem-Factory-favikon.png\",\"width\":250,\"height\":250},{\"@type\":\"BreadcrumbList\",\"@id\":\"https:\/\/www.gemfactory.ee\/en\/contact\/#breadcrumb\",\"itemListElement\":[{\"@type\":\"ListItem\",\"position\":1,\"name\":\"Home\",\"item\":\"https:\/\/www.gemfactory.ee\/en\/\"},{\"@type\":\"ListItem\",\"position\":2,\"name\":\"Contact\"}]},{\"@type\":\"WebSite\",\"@id\":\"https:\/\/www.gemfactory.ee\/en\/#website\",\"url\":\"https:\/\/www.gemfactory.ee\/en\/\",\"name\":\"Estonian Gem Factory\",\"description\":\"Estonian Gem Factory\",\"publisher\":{\"@id\":\"https:\/\/www.gemfactory.ee\/en\/#organization\"},\"alternateName\":\"Gem Factory\",\"potentialAction\":[{\"@type\":\"SearchAction\",\"target\":{\"@type\":\"EntryPoint\",\"urlTemplate\":\"https:\/\/www.gemfactory.ee\/en\/?s={search_term_string}\"},\"query-input\":{\"@type\":\"PropertyValueSpecification\",\"valueRequired\":true,\"valueName\":\"search_term_string\"}}],\"inLanguage\":\"en-US\"},{\"@type\":\"Organization\",\"@id\":\"https:\/\/www.gemfactory.ee\/en\/#organization\",\"name\":\"Estonian Gem Factory\",\"url\":\"https:\/\/www.gemfactory.ee\/en\/\",\"logo\":{\"@type\":\"ImageObject\",\"inLanguage\":\"en-US\",\"@id\":\"https:\/\/www.gemfactory.ee\/en\/#\/schema\/logo\/image\/\",\"url\":\"http:\/\/www.gemfactory.ee\/wp-content\/uploads\/2023\/10\/Estonian-Gem-Factory-01-min.png\",\"contentUrl\":\"http:\/\/www.gemfactory.ee\/wp-content\/uploads\/2023\/10\/Estonian-Gem-Factory-01-min.png\",\"width\":8334,\"height\":2578,\"caption\":\"Estonian Gem Factory\"},\"image\":{\"@id\":\"https:\/\/www.gemfactory.ee\/en\/#\/schema\/logo\/image\/\"},\"sameAs\":[\"https:\/\/www.facebook.com\/estoniangemfactory\/\",\"https:\/\/www.instagram.com\/estoniangemfactory\/\"]}]}<\/script>\n<!-- \/ Yoast SEO plugin. -->","yoast_head_json":{"title":"Contact | Estonian Gem Factory","description":"Contact Gem Factory! We offer bespoke gemstones and handmade jewellery. Call, write or visit our studio in Viljandi.","robots":{"index":"index","follow":"follow","max-snippet":"max-snippet:-1","max-image-preview":"max-image-preview:large","max-video-preview":"max-video-preview:-1"},"canonical":"https:\/\/www.gemfactory.ee\/en\/contact\/","og_locale":"en_US","og_type":"article","og_title":"Contact | Estonian Gem Factory","og_description":"Contact Gem Factory! We offer bespoke gemstones and handmade jewellery. Call, write or visit our studio in Viljandi.","og_url":"https:\/\/www.gemfactory.ee\/en\/contact\/","og_site_name":"Estonian Gem Factory","article_publisher":"https:\/\/www.facebook.com\/estoniangemfactory\/","article_modified_time":"2025-05-06T00:03:55+00:00","og_image":[{"width":250,"height":250,"url":"https:\/\/www.gemfactory.ee\/wp-content\/uploads\/2023\/07\/Estonian-Gem-Factory-favikon.png","type":"image\/png"}],"twitter_card":"summary_large_image","twitter_misc":{"Est. reading time":"1 minute"},"schema":{"@context":"https:\/\/schema.org","@graph":[{"@type":"WebPage","@id":"https:\/\/www.gemfactory.ee\/en\/contact\/","url":"https:\/\/www.gemfactory.ee\/en\/contact\/","name":"Contact | Estonian Gem Factory","isPartOf":{"@id":"https:\/\/www.gemfactory.ee\/en\/#website"},"primaryImageOfPage":{"@id":"https:\/\/www.gemfactory.ee\/en\/contact\/#primaryimage"},"image":{"@id":"https:\/\/www.gemfactory.ee\/en\/contact\/#primaryimage"},"thumbnailUrl":"https:\/\/www.gemfactory.ee\/wp-content\/uploads\/2023\/07\/Estonian-Gem-Factory-favikon.png","datePublished":"2023-07-11T08:42:43+00:00","dateModified":"2025-05-06T00:03:55+00:00","description":"Contact Gem Factory! We offer bespoke gemstones and handmade jewellery. Call, write or visit our studio in Viljandi.","breadcrumb":{"@id":"https:\/\/www.gemfactory.ee\/en\/contact\/#breadcrumb"},"inLanguage":"en-US","potentialAction":[{"@type":"ReadAction","target":["https:\/\/www.gemfactory.ee\/en\/contact\/"]}]},{"@type":"ImageObject","inLanguage":"en-US","@id":"https:\/\/www.gemfactory.ee\/en\/contact\/#primaryimage","url":"https:\/\/www.gemfactory.ee\/wp-content\/uploads\/2023\/07\/Estonian-Gem-Factory-favikon.png","contentUrl":"https:\/\/www.gemfactory.ee\/wp-content\/uploads\/2023\/07\/Estonian-Gem-Factory-favikon.png","width":250,"height":250},{"@type":"BreadcrumbList","@id":"https:\/\/www.gemfactory.ee\/en\/contact\/#breadcrumb","itemListElement":[{"@type":"ListItem","position":1,"name":"Home","item":"https:\/\/www.gemfactory.ee\/en\/"},{"@type":"ListItem","position":2,"name":"Contact"}]},{"@type":"WebSite","@id":"https:\/\/www.gemfactory.ee\/en\/#website","url":"https:\/\/www.gemfactory.ee\/en\/","name":"Estonian Gem Factory","description":"Estonian Gem Factory","publisher":{"@id":"https:\/\/www.gemfactory.ee\/en\/#organization"},"alternateName":"Gem Factory","potentialAction":[{"@type":"SearchAction","target":{"@type":"EntryPoint","urlTemplate":"https:\/\/www.gemfactory.ee\/en\/?s={search_term_string}"},"query-input":{"@type":"PropertyValueSpecification","valueRequired":true,"valueName":"search_term_string"}}],"inLanguage":"en-US"},{"@type":"Organization","@id":"https:\/\/www.gemfactory.ee\/en\/#organization","name":"Estonian Gem Factory","url":"https:\/\/www.gemfactory.ee\/en\/","logo":{"@type":"ImageObject","inLanguage":"en-US","@id":"https:\/\/www.gemfactory.ee\/en\/#\/schema\/logo\/image\/","url":"http:\/\/www.gemfactory.ee\/wp-content\/uploads\/2023\/10\/Estonian-Gem-Factory-01-min.png","contentUrl":"http:\/\/www.gemfactory.ee\/wp-content\/uploads\/2023\/10\/Estonian-Gem-Factory-01-min.png","width":8334,"height":2578,"caption":"Estonian Gem Factory"},"image":{"@id":"https:\/\/www.gemfactory.ee\/en\/#\/schema\/logo\/image\/"},"sameAs":["https:\/\/www.facebook.com\/estoniangemfactory\/","https:\/\/www.instagram.com\/estoniangemfactory\/"]}]}},"_links":{"self":[{"href":"https:\/\/www.gemfactory.ee\/en\/wp-json\/wp\/v2\/pages\/2470","targetHints":{"allow":["GET"]}}],"collection":[{"href":"https:\/\/www.gemfactory.ee\/en\/wp-json\/wp\/v2\/pages"}],"about":[{"href":"https:\/\/www.gemfactory.ee\/en\/wp-json\/wp\/v2\/types\/page"}],"author":[{"embeddable":true,"href":"https:\/\/www.gemfactory.ee\/en\/wp-json\/wp\/v2\/users\/2"}],"replies":[{"embeddable":true,"href":"https:\/\/www.gemfactory.ee\/en\/wp-json\/wp\/v2\/comments?post=2470"}],"version-history":[{"count":5,"href":"https:\/\/www.gemfactory.ee\/en\/wp-json\/wp\/v2\/pages\/2470\/revisions"}],"predecessor-version":[{"id":3037,"href":"https:\/\/www.gemfactory.ee\/en\/wp-json\/wp\/v2\/pages\/2470\/revisions\/3037"}],"wp:featuredmedia":[{"embeddable":true,"href":"https:\/\/www.gemfactory.ee\/en\/wp-json\/wp\/v2\/media\/2024"}],"wp:attachment":[{"href":"https:\/\/www.gemfactory.ee\/en\/wp-json\/wp\/v2\/media?parent=2470"}],"curies":[{"name":"wp","href":"https:\/\/api.w.org\/{rel}","templated":true}]}}